{"id":2004,"date":"2015-11-30T12:22:24","date_gmt":"2015-11-30T15:22:24","guid":{"rendered":"https:\/\/donapaula.com\/es\/?page_id=2004"},"modified":"2016-05-06T16:25:21","modified_gmt":"2016-05-06T19:25:21","slug":"guarda","status":"publish","type":"page","link":"https:\/\/donapaula.com\/es\/cultura-del-vino\/guarda\/","title":{"rendered":"Guarda"},"content":{"rendered":"<section id=\"stage_culture\" class=\"visible cd-section va_middle\">\n<div class=\"cover_background\" style=\"background-image: url(https:\/\/donapaula.com\/wp-content\/uploads\/guarda_de_vinos.jpg);\" >\n<div class=\"inner_wrapper cf\">\n<div class=\"col full_col text_center\">\n<h1>Guarda<\/h1>\n<p>Ciertas condiciones son fundamentales durante la guarda de vinos para que \u00e9stos se conserven correctamente: oscuridad, aireaci\u00f3n, temperatura y estabilidad.<\/p>\n<p><a id=\"video_831369447\" class=\"btn btn_video vertical \" href=\"https:\/\/vimeo.com\/165610401\"><span class=\"icon\"><span class=\"icon_normal cover_background\"><\/span><span class=\"icon_hover cover_background\"><\/span><\/span> ver video<\/a><script>\n\t\t\t\t\tjQuery(document).ready(function() {\n\t\t\t\t\t\tjQuery('#video_831369447').click(function(event) {\n\t\t\t\t\t\t\tevent.preventDefault();\n\t\t\t\t\t\t\tvar video_embed = '<iframe loading=\"lazy\" title=\"DP video guarda de vino ES web DP\" src=\"https:\/\/player.vimeo.com\/video\/165610401?autoplay=1&amp;dnt=1&amp;app_id=122963\" width=\"500\" height=\"281\" frameborder=\"0\" allow=\"autoplay; fullscreen; picture-in-picture; clipboard-write; encrypted-media; web-share\" referrerpolicy=\"strict-origin-when-cross-origin\"><\/iframe>';\n\t\t\t\t\t\t\tjQuery('#full_player span').html(video_embed);\n\t\t\t\t\t\t\tfull_videos();\n\t\t\t\t\t\t\tjQuery('#full_player').fadeIn('slow');\n\t\t\t\t\t\t});\n\t\t\t\t\t});\n\t\t\t\t\t<\/script><\/p>\n<\/div>\n<\/div>\n<p><span class=\"scroll_indicator\"><span class=\"icon contain_background floating\"><\/span>scroll<span class=\"border\"><\/span><\/span><\/p>\n<\/div>\n<\/section>\n<section id=\"culture_in\" class=\"storage_details no-effect\">\n<div >\n<div class=\"inner_wrapper cf\">\n<div class=\"col full_col text_left\">\n<div class=\"col one_half text_center\">\n<p><img loading=\"lazy\" decoding=\"async\" class=\"alignnone size-full wp-image-2255\" src=\"https:\/\/donapaula.com\/wp-content\/uploads\/guarda_oscuridad.png\" alt=\"guarda_oscuridad\" width=\"150\" height=\"150\" srcset=\"https:\/\/donapaula.com\/wp-content\/uploads\/guarda_oscuridad.png 150w, https:\/\/donapaula.com\/wp-content\/uploads\/guarda_oscuridad-80x80.png 80w, https:\/\/donapaula.com\/wp-content\/uploads\/guarda_oscuridad-24x24.png 24w, https:\/\/donapaula.com\/wp-content\/uploads\/guarda_oscuridad-36x36.png 36w, https:\/\/donapaula.com\/wp-content\/uploads\/guarda_oscuridad-48x48.png 48w\" sizes=\"auto, (max-width: 150px) 100vw, 150px\" \/><\/p>\n<h3>Oscuridad<\/h3>\n<p>Excesiva exposici\u00f3n a la luz, como rayos solares ultravioletas, luces hal\u00f3genas o fluorescentes pueden da\u00f1ar el vino. Lo ideal es una luz d\u00e9bil de aproximadamente 25 watts.<\/p>\n<\/div>\n<div class=\"col one_half last text_center\">\n<p><img loading=\"lazy\" decoding=\"async\" class=\"alignnone size-full wp-image-2243\" src=\"https:\/\/donapaula.com\/wp-content\/uploads\/guarda_aireacion.png\" alt=\"guarda_aireacion\" width=\"150\" height=\"150\" srcset=\"https:\/\/donapaula.com\/wp-content\/uploads\/guarda_aireacion.png 150w, https:\/\/donapaula.com\/wp-content\/uploads\/guarda_aireacion-80x80.png 80w, https:\/\/donapaula.com\/wp-content\/uploads\/guarda_aireacion-24x24.png 24w, https:\/\/donapaula.com\/wp-content\/uploads\/guarda_aireacion-36x36.png 36w, https:\/\/donapaula.com\/wp-content\/uploads\/guarda_aireacion-48x48.png 48w\" sizes=\"auto, (max-width: 150px) 100vw, 150px\" \/><\/p>\n<h3>Aireaci\u00f3n<\/h3>\n<p>Es importante que el lugar est\u00e9 bien ventilado. Una buena circulaci\u00f3n de aire evita aromas a encierro y el desarrollo de hongos.<\/p>\n<\/div>\n<div class=\"col one_half text_center\">\n<p><img loading=\"lazy\" decoding=\"async\" class=\"alignnone size-full wp-image-2259\" src=\"https:\/\/donapaula.com\/wp-content\/uploads\/guarda_temperatura.png\" alt=\"guarda_temperatura\" width=\"150\" height=\"150\" srcset=\"https:\/\/donapaula.com\/wp-content\/uploads\/guarda_temperatura.png 150w, https:\/\/donapaula.com\/wp-content\/uploads\/guarda_temperatura-80x80.png 80w, https:\/\/donapaula.com\/wp-content\/uploads\/guarda_temperatura-24x24.png 24w, https:\/\/donapaula.com\/wp-content\/uploads\/guarda_temperatura-36x36.png 36w, https:\/\/donapaula.com\/wp-content\/uploads\/guarda_temperatura-48x48.png 48w\" sizes=\"auto, (max-width: 150px) 100vw, 150px\" \/><\/p>\n<h3>Temperatura<\/h3>\n<p>Lo ideal es conservar el vino en un ambiente cuya temperatura sea de 17oC (63oF) constantes. Es muy importante evitar los cambios bruscos de temperatura.<\/p>\n<\/div>\n<div class=\"col one_half last text_center\">\n<p><img loading=\"lazy\" decoding=\"async\" class=\"alignnone size-full wp-image-2247\" src=\"https:\/\/donapaula.com\/wp-content\/uploads\/guarda_estabilidad.png\" alt=\"guarda_estabilidad\" width=\"150\" height=\"150\" srcset=\"https:\/\/donapaula.com\/wp-content\/uploads\/guarda_estabilidad.png 150w, https:\/\/donapaula.com\/wp-content\/uploads\/guarda_estabilidad-80x80.png 80w, https:\/\/donapaula.com\/wp-content\/uploads\/guarda_estabilidad-24x24.png 24w, https:\/\/donapaula.com\/wp-content\/uploads\/guarda_estabilidad-36x36.png 36w, https:\/\/donapaula.com\/wp-content\/uploads\/guarda_estabilidad-48x48.png 48w\" sizes=\"auto, (max-width: 150px) 100vw, 150px\" \/><\/p>\n<h3>Estabilidad<\/h3>\n<p>Se debe evitar que el vino se mueva dentro de la botella. En lo posible, evitar ambientes expuestos a vibraciones.<\/p>\n<\/div>\n<div class=\"col one_half text_center\">\n<p><img loading=\"lazy\" decoding=\"async\" class=\"alignnone size-full wp-image-2251\" src=\"https:\/\/donapaula.com\/wp-content\/uploads\/guarda_humedad.png\" alt=\"guarda_humedad\" width=\"150\" height=\"150\" srcset=\"https:\/\/donapaula.com\/wp-content\/uploads\/guarda_humedad.png 150w, https:\/\/donapaula.com\/wp-content\/uploads\/guarda_humedad-80x80.png 80w, https:\/\/donapaula.com\/wp-content\/uploads\/guarda_humedad-24x24.png 24w, https:\/\/donapaula.com\/wp-content\/uploads\/guarda_humedad-36x36.png 36w, https:\/\/donapaula.com\/wp-content\/uploads\/guarda_humedad-48x48.png 48w\" sizes=\"auto, (max-width: 150px) 100vw, 150px\" \/><\/p>\n<h3>Humedad<\/h3>\n<p>La humedad debe estar entre 60% y 80%. Menos de 60% puede causar evaporaci\u00f3n u oxidaci\u00f3n, y m\u00e1s de 80% puede generar hongos.<\/p>\n<\/div>\n<\/div>\n<\/div>\n<p>&nbsp;<\/p>\n<p>&nbsp;<\/p>\n<\/div>\n<\/section>\n","protected":false},"excerpt":{"rendered":"","protected":false},"author":1,"featured_media":1688,"parent":43,"menu_order":0,"comment_status":"closed","ping_status":"closed","template":"culture-in.php","meta":{"inline_featured_image":false,"footnotes":""},"class_list":["post-2004","page","type-page","status-publish","has-post-thumbnail","hentry"],"_links":{"self":[{"href":"https:\/\/donapaula.com\/es\/wp-json\/wp\/v2\/pages\/2004","targetHints":{"allow":["GET"]}}],"collection":[{"href":"https:\/\/donapaula.com\/es\/wp-json\/wp\/v2\/pages"}],"about":[{"href":"https:\/\/donapaula.com\/es\/wp-json\/wp\/v2\/types\/page"}],"author":[{"embeddable":true,"href":"https:\/\/donapaula.com\/es\/wp-json\/wp\/v2\/users\/1"}],"replies":[{"embeddable":true,"href":"https:\/\/donapaula.com\/es\/wp-json\/wp\/v2\/comments?post=2004"}],"version-history":[{"count":48,"href":"https:\/\/donapaula.com\/es\/wp-json\/wp\/v2\/pages\/2004\/revisions"}],"predecessor-version":[{"id":3734,"href":"https:\/\/donapaula.com\/es\/wp-json\/wp\/v2\/pages\/2004\/revisions\/3734"}],"up":[{"embeddable":true,"href":"https:\/\/donapaula.com\/es\/wp-json\/wp\/v2\/pages\/43"}],"wp:featuredmedia":[{"embeddable":true,"href":"https:\/\/donapaula.com\/es\/wp-json\/wp\/v2\/media\/1688"}],"wp:attachment":[{"href":"https:\/\/donapaula.com\/es\/wp-json\/wp\/v2\/media?parent=2004"}],"curies":[{"name":"wp","href":"https:\/\/api.w.org\/{rel}","templated":true}]}}