{"id":33,"date":"2015-10-14T14:26:12","date_gmt":"2015-10-14T17:26:12","guid":{"rendered":"https:\/\/donapaula.com\/es\/?page_id=33"},"modified":"2016-04-25T13:47:00","modified_gmt":"2016-04-25T16:47:00","slug":"vinedos","status":"publish","type":"page","link":"https:\/\/donapaula.com\/es\/vinedos\/","title":{"rendered":"Vi\u00f1edos"},"content":{"rendered":"<section id=\"stage_vineyards\" class=\"visible cd-section va_middle\">\n<div class=\"cover_background\" style=\"background-image: url(https:\/\/donapaula.com\/wp-content\/uploads\/stage_vineyards.jpg);\" >\n<div class=\"inner_wrapper cf\">\n<div class=\"col full_col text_center\">\n<h1>Nuestros Vi\u00f1edos<\/h1>\n<p>Establecida en 1997, Do\u00f1a Paula, es considerada una bodega <em>Estate,<\/em> ya que el 100% de las uvas utilizadas para elaborar nuestros vinos provienen de vi\u00f1edos propios. El cuidado minucioso de los detalles en nuestros vi\u00f1edos garantiza la obtenci\u00f3n de calidad consistente y un estilo propio que refleja la m\u00e1s pura expresi\u00f3n de cada terroir.<\/p>\n<p><a id=\"video_161177067\" class=\"btn btn_video vertical \" href=\"https:\/\/vimeo.com\/136768081\"><span class=\"icon\"><span class=\"icon_normal cover_background\"><\/span><span class=\"icon_hover cover_background\"><\/span><\/span> ver video<\/a><script>\n\t\t\t\t\tjQuery(document).ready(function() {\n\t\t\t\t\t\tjQuery('#video_161177067').click(function(event) {\n\t\t\t\t\t\t\tevent.preventDefault();\n\t\t\t\t\t\t\tvar video_embed = '<iframe loading=\"lazy\" title=\"Vi\u00f1edos de Do\u00f1a Paula (versi\u00f3n corta)\" src=\"https:\/\/player.vimeo.com\/video\/136768081?autoplay=1&amp;dnt=1&amp;app_id=122963\" width=\"500\" height=\"281\" frameborder=\"0\" allow=\"autoplay; fullscreen; picture-in-picture; clipboard-write; encrypted-media; web-share\" referrerpolicy=\"strict-origin-when-cross-origin\"><\/iframe>';\n\t\t\t\t\t\t\tjQuery('#full_player span').html(video_embed);\n\t\t\t\t\t\t\tfull_videos();\n\t\t\t\t\t\t\tjQuery('#full_player').fadeIn('slow');\n\t\t\t\t\t\t});\n\t\t\t\t\t});\n\t\t\t\t\t<\/script><\/p>\n<\/div>\n<\/div>\n<p><span class=\"scroll_indicator\"><span class=\"icon contain_background floating\"><\/span>scroll<span class=\"border\"><\/span><\/span><\/p>\n<\/div>\n<\/section>\n<section id=\"vineyards_intro\" class=\"intro intro_dark no-effect va_middle\">\n<div  style=\"background-color: #49463f;\" >\n<div class=\"inner_wrapper cf\">\n<div class=\"col full_col text_center\">\n<p>Do\u00f1a Paula cuenta actualmente con 703 hect\u00e1reas de vi\u00f1edos implantados en las mejores zonas de Mendoza. En cada finca se busc\u00f3 la combinaci\u00f3n ideal de clima y suelo para cada variedad.<\/p>\n<p style=\"text-align: left;\"><\/div>\n<\/p>\n<\/div>\n<\/div>\n<\/section>\n","protected":false},"excerpt":{"rendered":"","protected":false},"author":1,"featured_media":0,"parent":0,"menu_order":0,"comment_status":"closed","ping_status":"closed","template":"vineyards.php","meta":{"inline_featured_image":false,"footnotes":""},"class_list":["post-33","page","type-page","status-publish","hentry"],"_links":{"self":[{"href":"https:\/\/donapaula.com\/es\/wp-json\/wp\/v2\/pages\/33","targetHints":{"allow":["GET"]}}],"collection":[{"href":"https:\/\/donapaula.com\/es\/wp-json\/wp\/v2\/pages"}],"about":[{"href":"https:\/\/donapaula.com\/es\/wp-json\/wp\/v2\/types\/page"}],"author":[{"embeddable":true,"href":"https:\/\/donapaula.com\/es\/wp-json\/wp\/v2\/users\/1"}],"replies":[{"embeddable":true,"href":"https:\/\/donapaula.com\/es\/wp-json\/wp\/v2\/comments?post=33"}],"version-history":[{"count":15,"href":"https:\/\/donapaula.com\/es\/wp-json\/wp\/v2\/pages\/33\/revisions"}],"predecessor-version":[{"id":3617,"href":"https:\/\/donapaula.com\/es\/wp-json\/wp\/v2\/pages\/33\/revisions\/3617"}],"wp:attachment":[{"href":"https:\/\/donapaula.com\/es\/wp-json\/wp\/v2\/media?parent=33"}],"curies":[{"name":"wp","href":"https:\/\/api.w.org\/{rel}","templated":true}]}}