{"id":41,"date":"2015-10-14T14:27:04","date_gmt":"2015-10-14T17:27:04","guid":{"rendered":"https:\/\/donapaula.com\/es\/?page_id=41"},"modified":"2017-08-31T10:34:45","modified_gmt":"2017-08-31T13:34:45","slug":"vinos","status":"publish","type":"page","link":"https:\/\/donapaula.com\/es\/vinos\/","title":{"rendered":"Vinos"},"content":{"rendered":"<section id=\"stage_wines\" class=\"visible cd-section va_middle\">\n<div class=\"cover_background\" style=\"background-image: url(https:\/\/donapaula.com\/wp-content\/uploads\/stage_wines.jpg);\" >\n<div class=\"inner_wrapper cf\">\n<div class=\"col full_col text_center\">\n<h1>Nuestros Vinos<\/h1>\n<p lang=\"es-ES\">Nuestros vinos son el fiel reflejo del vi\u00f1edo que les da origen. Son elaborados con una enolog\u00eda muy respetuosa de las caracter\u00edsticas t\u00edpicas de cada variedad y de cada regi\u00f3n.<\/p>\n<p>&nbsp;<\/p>\n<p><small><img loading=\"lazy\" decoding=\"async\" class=\"alignnone size-full wp-image-4589\" src=\"https:\/\/donapaula.com\/wp-content\/uploads\/Gluten_free_72.png\" alt=\"\" width=\"36\" height=\"36\" srcset=\"https:\/\/donapaula.com\/wp-content\/uploads\/Gluten_free_72.png 72w, https:\/\/donapaula.com\/wp-content\/uploads\/Gluten_free_72-24x24.png 24w, https:\/\/donapaula.com\/wp-content\/uploads\/Gluten_free_72-36x36.png 36w, https:\/\/donapaula.com\/wp-content\/uploads\/Gluten_free_72-48x48.png 48w\" sizes=\"auto, (max-width: 36px) 100vw, 36px\" \/><br \/>\nTodos nuestros vinos son aptos para veganos y no contienen gluten (Sin TACC).<\/small><\/p>\n<\/div>\n<\/div>\n<p><span class=\"scroll_indicator\"><span class=\"icon contain_background floating\"><\/span>scroll<span class=\"border\"><\/span><\/span><\/p>\n<\/div>\n<\/section>\n","protected":false},"excerpt":{"rendered":"","protected":false},"author":1,"featured_media":0,"parent":0,"menu_order":0,"comment_status":"closed","ping_status":"closed","template":"wines.php","meta":{"inline_featured_image":false,"footnotes":""},"class_list":["post-41","page","type-page","status-publish","hentry"],"_links":{"self":[{"href":"https:\/\/donapaula.com\/es\/wp-json\/wp\/v2\/pages\/41","targetHints":{"allow":["GET"]}}],"collection":[{"href":"https:\/\/donapaula.com\/es\/wp-json\/wp\/v2\/pages"}],"about":[{"href":"https:\/\/donapaula.com\/es\/wp-json\/wp\/v2\/types\/page"}],"author":[{"embeddable":true,"href":"https:\/\/donapaula.com\/es\/wp-json\/wp\/v2\/users\/1"}],"replies":[{"embeddable":true,"href":"https:\/\/donapaula.com\/es\/wp-json\/wp\/v2\/comments?post=41"}],"version-history":[{"count":6,"href":"https:\/\/donapaula.com\/es\/wp-json\/wp\/v2\/pages\/41\/revisions"}],"predecessor-version":[{"id":4591,"href":"https:\/\/donapaula.com\/es\/wp-json\/wp\/v2\/pages\/41\/revisions\/4591"}],"wp:attachment":[{"href":"https:\/\/donapaula.com\/es\/wp-json\/wp\/v2\/media?parent=41"}],"curies":[{"name":"wp","href":"https:\/\/api.w.org\/{rel}","templated":true}]}}